{"id":7295,"date":"2020-05-19T09:24:26","date_gmt":"2020-05-19T09:24:26","guid":{"rendered":"https:\/\/professional.hygeniq.com\/?page_id=7295"},"modified":"2024-01-25T14:09:22","modified_gmt":"2024-01-25T14:09:22","slug":"wipe-for-you","status":"publish","type":"page","link":"https:\/\/professional.hygeniq.com\/en\/wipe-for-you\/","title":{"rendered":"WIPE FOR YOU"},"content":{"rendered":"<div id=\"pl-7295\"  class=\"panel-layout\" ><div id=\"pg-7295-0\"  class=\"panel-grid panel-has-style\" ><div class=\"siteorigin-panels-stretch panel-row-style panel-row-style-for-7295-0\" data-stretch-type=\"full-width-stretch\" ><div id=\"pgc-7295-0-0\"  class=\"panel-grid-cell\" ><div id=\"panel-7295-0-0-0\" class=\"so-panel widget widget_sow-hero panel-first-child panel-last-child\" data-index=\"0\" ><div class=\"orion default panel-widget-style panel-widget-style-for-7295-0-0-0\" ><div\n\t\t\t\n\t\t\tclass=\"so-widget-sow-hero so-widget-sow-hero-default-59b16cbf621c-7295\"\n\t\t\t\n\t\t>\t\t\t\t<div class=\"sow-slider-base\" style=\"display: none\" tabindex=\"0\">\n\t\t\t\t\t<ul\n\t\t\t\t\tclass=\"sow-slider-images\"\n\t\t\t\t\tdata-settings=\"{&quot;pagination&quot;:true,&quot;speed&quot;:800,&quot;timeout&quot;:8000,&quot;paused&quot;:false,&quot;pause_on_hover&quot;:false,&quot;swipe&quot;:false,&quot;nav_always_show_desktop&quot;:&quot;&quot;,&quot;nav_always_show_mobile&quot;:&quot;&quot;,&quot;breakpoint&quot;:&quot;780px&quot;,&quot;unmute&quot;:false,&quot;anchor&quot;:null}\"\n\t\t\t\t\t\t\t\t\t\tdata-anchor-id=\"\"\n\t\t\t\t>\t\t<li class=\"sow-slider-image  sow-slider-image-cover\" style=\"visibility: visible;;background-color: #ffffff;background-image: url(https:\/\/professional.hygeniq.com\/wp-content\/uploads\/2021\/05\/HYG_Banner-WIPE-for-YOU-1-pdf.jpg)\" >\n\t\t\t\t\t<div class=\"sow-slider-image-container\">\n\t\t\t<div class=\"sow-slider-image-wrapper\">\n\t\t\t\t\t\t\t<\/div>\n\t\t<\/div>\n\t\t\t\t<\/li>\n\t\t<\/ul>\t\t\t\t<ol class=\"sow-slider-pagination\">\n\t\t\t\t\t\t\t\t\t\t\t<li><a href=\"#\" data-goto=\"0\" aria-label=\"Display slide 1\"><\/a><\/li>\n\t\t\t\t\t\t\t\t\t<\/ol>\n\n\t\t\t\t<div class=\"sow-slide-nav sow-slide-nav-next\">\n\t\t\t\t\t<a href=\"#\" data-goto=\"next\" aria-label=\"Next slide\" data-action=\"next\">\n\t\t\t\t\t\t<em class=\"sow-sld-icon-thin-right\"><\/em>\n\t\t\t\t\t<\/a>\n\t\t\t\t<\/div>\n\n\t\t\t\t<div class=\"sow-slide-nav sow-slide-nav-prev\">\n\t\t\t\t\t<a href=\"#\" data-goto=\"previous\" aria-label=\"Previous slide\" data-action=\"prev\">\n\t\t\t\t\t\t<em class=\"sow-sld-icon-thin-left\"><\/em>\n\t\t\t\t\t<\/a>\n\t\t\t\t<\/div>\n\t\t\t\t<\/div><\/div><\/div><\/div><\/div><\/div><\/div><div id=\"pg-7295-1\"  class=\"panel-grid panel-has-style\" ><div class=\"panel-row-style panel-row-style-for-7295-1\" ><div id=\"pgc-7295-1-0\"  class=\"panel-grid-cell\" ><div id=\"panel-7295-1-0-0\" class=\"so-panel widget widget_sow-headline panel-first-child panel-last-child\" data-index=\"1\" ><div class=\"orion default panel-widget-style panel-widget-style-for-7295-1-0-0\" ><div\n\t\t\t\n\t\t\tclass=\"so-widget-sow-headline so-widget-sow-headline-default-8366a31eec3e-7295\"\n\t\t\t\n\t\t><div class=\"sow-headline-container\">\n\t\t\t\t\t\t\t<h1 class=\"sow-headline\">\n\t\t\t\t\t\tPersonaliseer uw eigen wipe in 4 eenvoudige stappen!\t\t\t\t\t\t<\/h1>\n\t\t\t\t\t\t\t\t\t\t\t\t<h3 class=\"sow-sub-headline\">\n\t\t\t\t\t\tOntdek uw eigen wipe verhaal\t\t\t\t\t\t<\/h3>\n\t\t\t\t\t\t<\/div>\n<\/div><\/div><\/div><\/div><\/div><\/div><div id=\"pg-7295-2\"  class=\"panel-grid panel-has-style\" ><div class=\"tablet-default mobile-1-in-row desktop-default panel-row-style panel-row-style-for-7295-2\" ><div id=\"pgc-7295-2-0\"  class=\"panel-grid-cell\" ><div id=\"panel-7295-2-0-0\" class=\"so-panel widget widget_orion_empty_space_w panel-first-child panel-last-child\" data-index=\"2\" ><div class=\"orion default panel-widget-style panel-widget-style-for-7295-2-0-0\" ><div\n\t\t\t\n\t\t\tclass=\"so-widget-orion_empty_space_w so-widget-orion_empty_space_w-base\"\n\t\t\t\n\t\t>\t<div class=\"row empty-space  visible-lg visible-md visible-sm visible-xs\" style=\"height:24px;\">\r\n\t<\/div><\/div><\/div><\/div><\/div><\/div><\/div><div id=\"pg-7295-3\"  class=\"panel-grid panel-has-style\" ><div class=\"tablet-default mobile-1-in-row desktop-default panel-row-style panel-row-style-for-7295-3\" ><div id=\"pgc-7295-3-0\"  class=\"panel-grid-cell\" ><div id=\"panel-7295-3-0-0\" class=\"so-panel widget widget_sow-headline panel-first-child\" data-index=\"3\" ><div class=\"orion default panel-widget-style panel-widget-style-for-7295-3-0-0\" ><div\n\t\t\t\n\t\t\tclass=\"so-widget-sow-headline so-widget-sow-headline-default-a1b52efe858f-7295\"\n\t\t\t\n\t\t><div class=\"sow-headline-container\">\n\t\t\t\t\t\t\t<h1 class=\"sow-headline\">\n\t\t\t\t\t\t\t\t\t\t\t\t\t<a href=\"https:\/\/professional.hygeniq.com\/en\/product-category\/wipes\/\" >\n\t\t\t\t\t\t\t\tStap 1 Kies uw doel<\/a>\t\t\t\t\t\t<\/h1>\n\t\t\t\t\t\t\t\t\t\t\t\t<h3 class=\"sow-sub-headline\">\n\t\t\t\t\t\t\t\t\t\t\t\t\t<a href=\"https:\/\/professional.hygeniq.com\/en\/product\/handreinigingsdoekjes-hygiene-wipe\/\" >\n\t\t\t\t\t\t\t\tIs het doel van de wipe een handhygi\u00ebnedoekje of een Schoonmaakdoekje?<\/a>\t\t\t\t\t\t<\/h3>\n\t\t\t\t\t\t<\/div>\n<\/div><\/div><\/div><div id=\"panel-7295-3-0-1\" class=\"so-panel widget widget_orion_empty_space_w\" data-index=\"4\" ><div class=\"orion default panel-widget-style panel-widget-style-for-7295-3-0-1\" ><div\n\t\t\t\n\t\t\tclass=\"so-widget-orion_empty_space_w so-widget-orion_empty_space_w-base\"\n\t\t\t\n\t\t>\t<div class=\"row empty-space  visible-lg visible-md visible-sm visible-xs\" style=\"height:24px;\">\r\n\t<\/div><\/div><\/div><\/div><div id=\"panel-7295-3-0-2\" class=\"so-panel widget widget_orion_empty_space_w panel-last-child\" data-index=\"5\" ><div class=\"orion default panel-widget-style panel-widget-style-for-7295-3-0-2\" ><div\n\t\t\t\n\t\t\tclass=\"so-widget-orion_empty_space_w so-widget-orion_empty_space_w-base\"\n\t\t\t\n\t\t>\t<div class=\"row empty-space  visible-lg visible-md visible-sm visible-xs\" style=\"height:24px;\">\r\n\t<\/div><\/div><\/div><\/div><\/div><div id=\"pgc-7295-3-1\"  class=\"panel-grid-cell\" ><div id=\"panel-7295-3-1-0\" class=\"so-panel widget widget_sow-image panel-first-child\" data-index=\"6\" ><div class=\"orion default panel-widget-style panel-widget-style-for-7295-3-1-0\" ><div\n\t\t\t\n\t\t\tclass=\"so-widget-sow-image so-widget-sow-image-default-8b5b6f678277-7295\"\n\t\t\t\n\t\t>\n<div class=\"sow-image-container\">\n\t\t<img \n\tsrc=\"https:\/\/professional.hygeniq.com\/wp-content\/uploads\/2021\/05\/handwipe-sfeer.png\" width=\"297\" height=\"208\" sizes=\"(max-width: 297px) 100vw, 297px\" title=\"handwipe sfeer\" alt=\"\" \t\tclass=\"so-widget-image\"\/>\n\t<\/div>\n\n<\/div><\/div><\/div><div id=\"panel-7295-3-1-1\" class=\"so-panel widget widget_orion_empty_space_w\" data-index=\"7\" ><div class=\"orion default panel-widget-style panel-widget-style-for-7295-3-1-1\" ><div\n\t\t\t\n\t\t\tclass=\"so-widget-orion_empty_space_w so-widget-orion_empty_space_w-base\"\n\t\t\t\n\t\t>\t<div class=\"row empty-space  visible-lg visible-md visible-sm visible-xs\" style=\"height:24px;\">\r\n\t<\/div><\/div><\/div><\/div><div id=\"panel-7295-3-1-2\" class=\"so-panel widget widget_sow-image panel-last-child\" data-index=\"8\" ><div class=\"orion default panel-widget-style panel-widget-style-for-7295-3-1-2\" ><div\n\t\t\t\n\t\t\tclass=\"so-widget-sow-image so-widget-sow-image-default-8b5b6f678277-7295\"\n\t\t\t\n\t\t>\n<div class=\"sow-image-container\">\n\t\t<img \n\tsrc=\"https:\/\/professional.hygeniq.com\/wp-content\/uploads\/2021\/05\/cleaning-wipe-sfeer.png\" width=\"303\" height=\"151\" srcset=\"https:\/\/professional.hygeniq.com\/wp-content\/uploads\/2021\/05\/cleaning-wipe-sfeer.png 303w, https:\/\/professional.hygeniq.com\/wp-content\/uploads\/2021\/05\/cleaning-wipe-sfeer-300x151.png 300w\" sizes=\"(max-width: 303px) 100vw, 303px\" title=\"cleaning wipe sfeer\" alt=\"\" \t\tclass=\"so-widget-image\"\/>\n\t<\/div>\n\n<\/div><\/div><\/div><\/div><\/div><\/div><div id=\"pg-7295-4\"  class=\"panel-grid panel-has-style\" ><div class=\"tablet-default mobile-1-in-row desktop-default panel-row-style panel-row-style-for-7295-4\" ><div id=\"pgc-7295-4-0\"  class=\"panel-grid-cell panel-grid-cell-empty\" ><\/div><div id=\"pgc-7295-4-1\"  class=\"panel-grid-cell\" ><div id=\"panel-7295-4-1-0\" class=\"so-panel widget widget_sow-headline panel-first-child\" data-index=\"9\" ><div class=\"orion default panel-widget-style panel-widget-style-for-7295-4-1-0\" ><div\n\t\t\t\n\t\t\tclass=\"so-widget-sow-headline so-widget-sow-headline-default-a1b52efe858f-7295\"\n\t\t\t\n\t\t><div class=\"sow-headline-container\">\n\t\t\t\t\t\t\t<h1 class=\"sow-headline\">\n\t\t\t\t\t\t\t\t\t\t\t\t\t<a href=\"https:\/\/professional.hygeniq.com\/en\/product-category\/wipes\/\" >\n\t\t\t\t\t\t\t\tStap 2 Kies uw product<\/a>\t\t\t\t\t\t<\/h1>\n\t\t\t\t\t\t\t\t\t\t\t\t<h3 class=\"sow-sub-headline\">\n\t\t\t\t\t\tKies een innovatieve reinigingsoplossing die u nodig heeft voor de wipe. De producten die al als wipe oplossing zijn ontwikkeld: hygi\u00ebnedoekje, Allesreiniger, Schoenreiniger, Grease-Ex, Graffit-Ex, Clear it. Makkelijk en snel leverbaar!  Dekt \u00e9\u00e9n van deze wipes uw schoonmaakprobleem niet? Onze innovatieve R&amp;D afdeling kan een nieuw product ontwikkelen of op zoek gaan naar een alternatief. Voor nieuwe of andere producten dan hierboven genoemd en die nog niet zijn getest in een 100% biologische bamboe wipe oplossing, duurt dit proces wat langer vanwege de kwalitatieve testperiode.\t\t\t\t\t\t<\/h3>\n\t\t\t\t\t\t<\/div>\n<\/div><\/div><\/div><div id=\"panel-7295-4-1-1\" class=\"so-panel widget widget_orion_empty_space_w\" data-index=\"10\" ><div class=\"orion default panel-widget-style panel-widget-style-for-7295-4-1-1\" ><div\n\t\t\t\n\t\t\tclass=\"so-widget-orion_empty_space_w so-widget-orion_empty_space_w-base\"\n\t\t\t\n\t\t>\t<div class=\"row empty-space  visible-lg visible-md visible-sm visible-xs\" style=\"height:24px;\">\r\n\t<\/div><\/div><\/div><\/div><div id=\"panel-7295-4-1-2\" class=\"so-panel widget widget_orion_button_w panel-last-child\" data-index=\"11\" ><div class=\"orion default panel-widget-style panel-widget-style-for-7295-4-1-2\" ><div\n\t\t\t\n\t\t\tclass=\"so-widget-orion_button_w so-widget-orion_button_w-base\"\n\t\t\t\n\t\t>\r\n\t\t\t<a class=\"btn btn-flat btn-md float-right\" target=\"_blank\" href=\"https:\/\/professional.hygeniq.com\/en\/product-category\/wipes\/\">\r\n\t\t\tOntwikkelde wipe oplossingen\t\t\r\n\t\t<\/a>\r\n\t\r\n\r\n\r\n\r\n<\/div><\/div><\/div><\/div><\/div><\/div><div id=\"pg-7295-5\"  class=\"panel-grid panel-has-style\" ><div class=\"tablet-default mobile-1-in-row desktop-default panel-row-style panel-row-style-for-7295-5\" ><div id=\"pgc-7295-5-0\"  class=\"panel-grid-cell panel-grid-cell-mobile-last\" ><div id=\"panel-7295-5-0-0\" class=\"so-panel widget widget_sow-headline panel-first-child\" data-index=\"12\" ><div class=\"orion default panel-widget-style panel-widget-style-for-7295-5-0-0\" ><div\n\t\t\t\n\t\t\tclass=\"so-widget-sow-headline so-widget-sow-headline-default-a1b52efe858f-7295\"\n\t\t\t\n\t\t><div class=\"sow-headline-container\">\n\t\t\t\t\t\t\t<h1 class=\"sow-headline\">\n\t\t\t\t\t\t\t\t\t\t\t\t\t<a href=\"https:\/\/professional.hygeniq.com\/en\/product-category\/wipes\/\" >\n\t\t\t\t\t\t\t\tStap 3 Kies uw afmetingen<\/a>\t\t\t\t\t\t<\/h1>\n\t\t\t\t\t\t<\/div>\n<\/div><\/div><\/div><div id=\"panel-7295-5-0-1\" class=\"so-panel widget widget_orion_empty_space_w\" data-index=\"13\" ><div class=\"orion default panel-widget-style panel-widget-style-for-7295-5-0-1\" ><div\n\t\t\t\n\t\t\tclass=\"so-widget-orion_empty_space_w so-widget-orion_empty_space_w-base\"\n\t\t\t\n\t\t>\t<div class=\"row empty-space  visible-lg visible-md visible-sm visible-xs\" style=\"height:24px;\">\r\n\t<\/div><\/div><\/div><\/div><div id=\"panel-7295-5-0-2\" class=\"so-panel widget widget_sow-image panel-last-child\" data-index=\"14\" ><div class=\"orion default panel-widget-style panel-widget-style-for-7295-5-0-2\" ><div\n\t\t\t\n\t\t\tclass=\"so-widget-sow-image so-widget-sow-image-default-8b5b6f678277-7295\"\n\t\t\t\n\t\t>\n<div class=\"sow-image-container\">\n\t\t<img \n\tsrc=\"https:\/\/professional.hygeniq.com\/wp-content\/uploads\/2021\/05\/wipe-dimensions.png\" width=\"481\" height=\"442\" srcset=\"https:\/\/professional.hygeniq.com\/wp-content\/uploads\/2021\/05\/wipe-dimensions.png 481w, https:\/\/professional.hygeniq.com\/wp-content\/uploads\/2021\/05\/wipe-dimensions-300x276.png 300w\" sizes=\"(max-width: 481px) 100vw, 481px\" title=\"wipe dimensions\" alt=\"\" \t\tclass=\"so-widget-image\"\/>\n\t<\/div>\n\n<\/div><\/div><\/div><\/div><div id=\"pgc-7295-5-1\"  class=\"panel-grid-cell panel-grid-cell-empty\" ><\/div><\/div><\/div><div id=\"pg-7295-6\"  class=\"panel-grid panel-has-style\" ><div class=\"tablet-default mobile-1-in-row desktop-default panel-row-style panel-row-style-for-7295-6\" ><div id=\"pgc-7295-6-0\"  class=\"panel-grid-cell panel-grid-cell-empty\" ><\/div><div id=\"pgc-7295-6-1\"  class=\"panel-grid-cell\" ><div id=\"panel-7295-6-1-0\" class=\"so-panel widget widget_sow-headline panel-first-child\" data-index=\"15\" ><div class=\"orion default panel-widget-style panel-widget-style-for-7295-6-1-0\" ><div\n\t\t\t\n\t\t\tclass=\"so-widget-sow-headline so-widget-sow-headline-default-a1b52efe858f-7295\"\n\t\t\t\n\t\t><div class=\"sow-headline-container\">\n\t\t\t\t\t\t\t<h1 class=\"sow-headline\">\n\t\t\t\t\t\t\t\t\t\t\t\t\t<a href=\"https:\/\/professional.hygeniq.com\/en\/product-category\/wipes\/\" >\n\t\t\t\t\t\t\t\tStap 4 Kies uw ontwerp<\/a>\t\t\t\t\t\t<\/h1>\n\t\t\t\t\t\t<\/div>\n<\/div><\/div><\/div><div id=\"panel-7295-6-1-1\" class=\"so-panel widget widget_orion_empty_space_w\" data-index=\"16\" ><div class=\"orion default panel-widget-style panel-widget-style-for-7295-6-1-1\" ><div\n\t\t\t\n\t\t\tclass=\"so-widget-orion_empty_space_w so-widget-orion_empty_space_w-base\"\n\t\t\t\n\t\t>\t<div class=\"row empty-space  visible-lg visible-md visible-sm visible-xs\" style=\"height:24px;\">\r\n\t<\/div><\/div><\/div><\/div><div id=\"panel-7295-6-1-2\" class=\"so-panel widget widget_sow-image panel-last-child\" data-index=\"17\" ><div class=\"orion default panel-widget-style panel-widget-style-for-7295-6-1-2\" ><div\n\t\t\t\n\t\t\tclass=\"so-widget-sow-image so-widget-sow-image-default-8b5b6f678277-7295\"\n\t\t\t\n\t\t>\n<div class=\"sow-image-container\">\n\t\t<img \n\tsrc=\"https:\/\/professional.hygeniq.com\/wp-content\/uploads\/2021\/05\/kies-uw-ontwerp.png\" width=\"387\" height=\"551\" srcset=\"https:\/\/professional.hygeniq.com\/wp-content\/uploads\/2021\/05\/kies-uw-ontwerp.png 387w, https:\/\/professional.hygeniq.com\/wp-content\/uploads\/2021\/05\/kies-uw-ontwerp-211x300.png 211w\" sizes=\"(max-width: 387px) 100vw, 387px\" title=\"kies uw ontwerp\" alt=\"\" \t\tclass=\"so-widget-image\"\/>\n\t<\/div>\n\n<\/div><\/div><\/div><\/div><\/div><\/div><div id=\"pg-7295-7\"  class=\"panel-grid panel-has-style\" ><div class=\"tablet-default mobile-1-in-row desktop-default panel-row-style panel-row-style-for-7295-7\" ><div id=\"pgc-7295-7-0\"  class=\"panel-grid-cell\" ><div id=\"panel-7295-7-0-0\" class=\"so-panel widget widget_orion_empty_space_w panel-first-child\" data-index=\"18\" ><div class=\"orion default panel-widget-style panel-widget-style-for-7295-7-0-0\" ><div\n\t\t\t\n\t\t\tclass=\"so-widget-orion_empty_space_w so-widget-orion_empty_space_w-base\"\n\t\t\t\n\t\t>\t<div class=\"row empty-space  visible-lg visible-md visible-sm visible-xs\" style=\"height:24px;\">\r\n\t<\/div><\/div><\/div><\/div><div id=\"panel-7295-7-0-1\" class=\"so-panel widget widget_sow-headline panel-last-child\" data-index=\"19\" ><div class=\"orion default panel-widget-style panel-widget-style-for-7295-7-0-1\" ><div\n\t\t\t\n\t\t\tclass=\"so-widget-sow-headline so-widget-sow-headline-default-ea0af4cf39ae-7295\"\n\t\t\t\n\t\t><div class=\"sow-headline-container\">\n\t\t\t\t\t\t\t<h1 class=\"sow-headline\">\n\t\t\t\t\t\tPersonaliseer uw eigen wipe! Maak uw keuzes stap voor stap\t\t\t\t\t\t<\/h1>\n\t\t\t\t\t\t\t\t\t\t\t<div class=\"decoration\">\n\t\t\t\t\t\t<div class=\"decoration-inside\"><\/div>\n\t\t\t\t\t<\/div>\n\t\t\t\t\t<\/div>\n<\/div><\/div><\/div><\/div><\/div><\/div><\/div>","protected":false},"excerpt":{"rendered":"<p>Personaliseer uw eigen wipe in 4 eenvoudige stappen! Ontdek uw eigen wipe verhaal Stap 1 Kies uw doel Is het doel van de wipe een handhygi\u00ebnedoekje of een Schoonmaakdoekje? Stap 2 Kies uw product Kies een innovatieve reinigingsoplossing die u nodig heeft voor de wipe. De producten die al als wipe oplossing zijn ontwikkeld: hygi\u00ebnedoekje,<\/p>","protected":false},"author":1,"featured_media":0,"parent":0,"menu_order":0,"comment_status":"closed","ping_status":"closed","template":"","meta":{"footnotes":""},"class_list":["post-7295","page","type-page","status-publish","hentry"],"yoast_head":"<!-- This site is optimized with the Yoast SEO plugin v27.1.1 - https:\/\/yoast.com\/product\/yoast-seo-wordpress\/ -->\n<title>Wipe For You | HYGENIQ \u2714 Schoonmaak oplossingen<\/title>\n<meta name=\"robots\" content=\"index, follow, max-snippet:-1, max-image-preview:large, max-video-preview:-1\" \/>\n<link rel=\"canonical\" href=\"https:\/\/professional.hygeniq.com\/en\/wipe-for-you\/\" \/>\n<meta property=\"og:locale\" content=\"en_US\" \/>\n<meta property=\"og:type\" content=\"article\" \/>\n<meta property=\"og:title\" content=\"Wipe For You | HYGENIQ \u2714 Schoonmaak oplossingen\" \/>\n<meta property=\"og:description\" content=\"Personaliseer uw eigen wipe in 4 eenvoudige stappen! Ontdek uw eigen wipe verhaal Stap 1 Kies uw doel Is het doel van de wipe een handhygi\u00ebnedoekje of een Schoonmaakdoekje? Stap 2 Kies uw product Kies een innovatieve reinigingsoplossing die u nodig heeft voor de wipe. De producten die al als wipe oplossing zijn ontwikkeld: hygi\u00ebnedoekje,\" \/>\n<meta property=\"og:url\" content=\"https:\/\/professional.hygeniq.com\/en\/wipe-for-you\/\" \/>\n<meta property=\"og:site_name\" content=\"HYGENIQ \u2714 Professionele schoonmaak oplossingen\" \/>\n<meta property=\"article:publisher\" content=\"https:\/\/www.facebook.com\/HYGENIQ\/\" \/>\n<meta property=\"article:modified_time\" content=\"2024-01-25T14:09:22+00:00\" \/>\n<meta name=\"twitter:card\" content=\"summary_large_image\" \/>\n<meta name=\"twitter:label1\" content=\"Est. reading time\" \/>\n\t<meta name=\"twitter:data1\" content=\"2 minutes\" \/>\n<script type=\"application\/ld+json\" class=\"yoast-schema-graph\">{\"@context\":\"https:\/\/schema.org\",\"@graph\":[{\"@type\":\"WebPage\",\"@id\":\"https:\/\/professional.hygeniq.com\/wipe-for-you\/\",\"url\":\"https:\/\/professional.hygeniq.com\/wipe-for-you\/\",\"name\":\"Wipe For You | HYGENIQ \u2714 Schoonmaak oplossingen\",\"isPartOf\":{\"@id\":\"https:\/\/professional.hygeniq.com\/#website\"},\"datePublished\":\"2020-05-19T09:24:26+00:00\",\"dateModified\":\"2024-01-25T14:09:22+00:00\",\"breadcrumb\":{\"@id\":\"https:\/\/professional.hygeniq.com\/wipe-for-you\/#breadcrumb\"},\"inLanguage\":\"en-US\",\"potentialAction\":[{\"@type\":\"ReadAction\",\"target\":[\"https:\/\/professional.hygeniq.com\/wipe-for-you\/\"]}]},{\"@type\":\"BreadcrumbList\",\"@id\":\"https:\/\/professional.hygeniq.com\/wipe-for-you\/#breadcrumb\",\"itemListElement\":[{\"@type\":\"ListItem\",\"position\":1,\"name\":\"Home\",\"item\":\"https:\/\/professional.hygeniq.com\/\"},{\"@type\":\"ListItem\",\"position\":2,\"name\":\"WIPE FOR YOU\"}]},{\"@type\":\"WebSite\",\"@id\":\"https:\/\/professional.hygeniq.com\/#website\",\"url\":\"https:\/\/professional.hygeniq.com\/\",\"name\":\"HYGENIQ \u2714 Professionele schoonmaak oplossingen\",\"description\":\"\",\"publisher\":{\"@id\":\"https:\/\/professional.hygeniq.com\/#organization\"},\"potentialAction\":[{\"@type\":\"SearchAction\",\"target\":{\"@type\":\"EntryPoint\",\"urlTemplate\":\"https:\/\/professional.hygeniq.com\/?s={search_term_string}\"},\"query-input\":{\"@type\":\"PropertyValueSpecification\",\"valueRequired\":true,\"valueName\":\"search_term_string\"}}],\"inLanguage\":\"en-US\"},{\"@type\":\"Organization\",\"@id\":\"https:\/\/professional.hygeniq.com\/#organization\",\"name\":\"HYGENIQ\",\"url\":\"https:\/\/professional.hygeniq.com\/\",\"logo\":{\"@type\":\"ImageObject\",\"inLanguage\":\"en-US\",\"@id\":\"https:\/\/professional.hygeniq.com\/#\/schema\/logo\/image\/\",\"url\":\"https:\/\/professional.hygeniq.com\/wp-content\/uploads\/2022\/06\/HYGENIQ-logo-op-wit_800x800px.png\",\"contentUrl\":\"https:\/\/professional.hygeniq.com\/wp-content\/uploads\/2022\/06\/HYGENIQ-logo-op-wit_800x800px.png\",\"width\":800,\"height\":800,\"caption\":\"HYGENIQ\"},\"image\":{\"@id\":\"https:\/\/professional.hygeniq.com\/#\/schema\/logo\/image\/\"},\"sameAs\":[\"https:\/\/www.facebook.com\/HYGENIQ\/\",\"https:\/\/www.linkedin.com\/company\/hygeniq\/\"]}]}<\/script>\n<!-- \/ Yoast SEO plugin. -->","yoast_head_json":{"title":"Wipe For You | HYGENIQ \u2714 Schoonmaak oplossingen","robots":{"index":"index","follow":"follow","max-snippet":"max-snippet:-1","max-image-preview":"max-image-preview:large","max-video-preview":"max-video-preview:-1"},"canonical":"https:\/\/professional.hygeniq.com\/en\/wipe-for-you\/","og_locale":"en_US","og_type":"article","og_title":"Wipe For You | HYGENIQ \u2714 Schoonmaak oplossingen","og_description":"Personaliseer uw eigen wipe in 4 eenvoudige stappen! Ontdek uw eigen wipe verhaal Stap 1 Kies uw doel Is het doel van de wipe een handhygi\u00ebnedoekje of een Schoonmaakdoekje? Stap 2 Kies uw product Kies een innovatieve reinigingsoplossing die u nodig heeft voor de wipe. De producten die al als wipe oplossing zijn ontwikkeld: hygi\u00ebnedoekje,","og_url":"https:\/\/professional.hygeniq.com\/en\/wipe-for-you\/","og_site_name":"HYGENIQ \u2714 Professionele schoonmaak oplossingen","article_publisher":"https:\/\/www.facebook.com\/HYGENIQ\/","article_modified_time":"2024-01-25T14:09:22+00:00","twitter_card":"summary_large_image","twitter_misc":{"Est. reading time":"2 minutes"},"schema":{"@context":"https:\/\/schema.org","@graph":[{"@type":"WebPage","@id":"https:\/\/professional.hygeniq.com\/wipe-for-you\/","url":"https:\/\/professional.hygeniq.com\/wipe-for-you\/","name":"Wipe For You | HYGENIQ \u2714 Schoonmaak oplossingen","isPartOf":{"@id":"https:\/\/professional.hygeniq.com\/#website"},"datePublished":"2020-05-19T09:24:26+00:00","dateModified":"2024-01-25T14:09:22+00:00","breadcrumb":{"@id":"https:\/\/professional.hygeniq.com\/wipe-for-you\/#breadcrumb"},"inLanguage":"en-US","potentialAction":[{"@type":"ReadAction","target":["https:\/\/professional.hygeniq.com\/wipe-for-you\/"]}]},{"@type":"BreadcrumbList","@id":"https:\/\/professional.hygeniq.com\/wipe-for-you\/#breadcrumb","itemListElement":[{"@type":"ListItem","position":1,"name":"Home","item":"https:\/\/professional.hygeniq.com\/"},{"@type":"ListItem","position":2,"name":"WIPE FOR YOU"}]},{"@type":"WebSite","@id":"https:\/\/professional.hygeniq.com\/#website","url":"https:\/\/professional.hygeniq.com\/","name":"HYGENIQ \u2714 Professionele schoonmaak oplossingen","description":"","publisher":{"@id":"https:\/\/professional.hygeniq.com\/#organization"},"potentialAction":[{"@type":"SearchAction","target":{"@type":"EntryPoint","urlTemplate":"https:\/\/professional.hygeniq.com\/?s={search_term_string}"},"query-input":{"@type":"PropertyValueSpecification","valueRequired":true,"valueName":"search_term_string"}}],"inLanguage":"en-US"},{"@type":"Organization","@id":"https:\/\/professional.hygeniq.com\/#organization","name":"HYGENIQ","url":"https:\/\/professional.hygeniq.com\/","logo":{"@type":"ImageObject","inLanguage":"en-US","@id":"https:\/\/professional.hygeniq.com\/#\/schema\/logo\/image\/","url":"https:\/\/professional.hygeniq.com\/wp-content\/uploads\/2022\/06\/HYGENIQ-logo-op-wit_800x800px.png","contentUrl":"https:\/\/professional.hygeniq.com\/wp-content\/uploads\/2022\/06\/HYGENIQ-logo-op-wit_800x800px.png","width":800,"height":800,"caption":"HYGENIQ"},"image":{"@id":"https:\/\/professional.hygeniq.com\/#\/schema\/logo\/image\/"},"sameAs":["https:\/\/www.facebook.com\/HYGENIQ\/","https:\/\/www.linkedin.com\/company\/hygeniq\/"]}]}},"_links":{"self":[{"href":"https:\/\/professional.hygeniq.com\/en\/wp-json\/wp\/v2\/pages\/7295","targetHints":{"allow":["GET"]}}],"collection":[{"href":"https:\/\/professional.hygeniq.com\/en\/wp-json\/wp\/v2\/pages"}],"about":[{"href":"https:\/\/professional.hygeniq.com\/en\/wp-json\/wp\/v2\/types\/page"}],"author":[{"embeddable":true,"href":"https:\/\/professional.hygeniq.com\/en\/wp-json\/wp\/v2\/users\/1"}],"replies":[{"embeddable":true,"href":"https:\/\/professional.hygeniq.com\/en\/wp-json\/wp\/v2\/comments?post=7295"}],"version-history":[{"count":101,"href":"https:\/\/professional.hygeniq.com\/en\/wp-json\/wp\/v2\/pages\/7295\/revisions"}],"predecessor-version":[{"id":8554,"href":"https:\/\/professional.hygeniq.com\/en\/wp-json\/wp\/v2\/pages\/7295\/revisions\/8554"}],"wp:attachment":[{"href":"https:\/\/professional.hygeniq.com\/en\/wp-json\/wp\/v2\/media?parent=7295"}],"curies":[{"name":"wp","href":"https:\/\/api.w.org\/{rel}","templated":true}]}}