{"id":8417,"date":"2023-11-20T13:38:27","date_gmt":"2023-11-20T13:38:27","guid":{"rendered":"https:\/\/professional.hygeniq.com\/?page_id=8417"},"modified":"2023-11-20T13:44:17","modified_gmt":"2023-11-20T13:44:17","slug":"recreatieschoonmaak","status":"publish","type":"page","link":"https:\/\/professional.hygeniq.com\/en\/onze-branches\/recreatieschoonmaak\/","title":{"rendered":"Recreatieschoonmaak"},"content":{"rendered":"<h2>Duurzame recreatieschoonmaak voor jouw vakantiepark<\/h2>\n<p>De dagelijkse recreatieschoonmaak kan een flinke uitdaging zijn voor vakantieparken met diverse typen vakantiehuisjes, bungalows, appartementen en talloze faciliteiten en services. De schoonmaak van deze accommodaties en faciliteiten op het park moet dagelijks effici\u00ebnt en grondig gebeuren. Het is immers enorm belangrijk dat je gasten kunnen profiteren van een gezond, hygi\u00ebnisch en goed onderhouden park. De netheid hiervan weegt dan ook zwaar mee in de recensies van je gasten. Om jou te helpen de recreatiesector schoner, duurzamer en mooier te maken, maken- en leveren wij milieuvriendelijke producten voor een eenvoudige schoonmaak in recreatie.<\/p>\n<h2>Alles in huis voor een effici\u00ebnte \u00e9n milieuvriendelijke recreatieschoonmaak<\/h2>\n<p>Het imago van je vakantiepark(en) hangt voor een groot deel af van de hygi\u00ebne. Toch kijkt menig mens tegenwoordig met een schuin oog naar duurzaamheid en diversiteit. Wij bieden bedrijven in leisure een ruim assortiment met effici\u00ebnte en milieuvriendelijke recreatieschoonmaakmiddelen die de hygi\u00ebne van jouw vakantiepark optimaliseren. Daarnaast hebben we alles in huis om iedere faciliteit op je park schoon te houden. Van zwembaden tot terrassen en van meubilair tot toiletten.<\/p>\n<h2>Een eerlijke, gezonde en esthetische schoonmaak voor vakantieparken<\/h2>\n<p>We leven in een wereld waar iedereen elke dag gelukkig een beetje meer waardering krijgt- en toont voor onze aarde. Wij passen dit direct toe op de recreatieschoonmaak door producten op de markt te brengen die niet chemisch zijn. Door met deze producten te werken, weten we zeker dat we het beste doen voor mens, dier en natuur. Een eerlijke, gezonde en bovenal goed uitziende schoonmaak voor vakantieparken en al haar faciliteiten.<\/p>\n<h2>Optimaliseer in \u00e9\u00e9n klap de schoonmaak van je vakantiehuisjes<\/h2>\n<p>Zonder gedoe, snel \u00e9n eerlijk je recreatieschoonmaak volbrengen? En dat iedere dag opnieuw terwijl je het milieu tegemoetkomt? Dat realiseer je in \u00e9\u00e9n klap met onze eerlijke, bewuste schoonmaakmiddelen voor de recreatiesector. De schoonmaak van vakantieparken optimaliseren lijkt soms een enorme klus, maar dankzij een breed aanbod en passend advies sta je samen met ons team sterk om je gasten te ontvangen op een fantastisch verzorgd vakantiepark.<\/p>\n<h2>H\u00e9t alles-in-\u00e9\u00e9n product voor de volledige basisschoonmaak bij leisure<\/h2>\n<p>Om de recreatieschoonmaak snel te laten verlopen, moeten we deze versimpelen waar mogelijk. En dat doen we met multifunctionele producten die garant staan voor een snelle schoonmaak van vakantiehuisjes en alle faciliteiten op het park. Zo hebben we een echte alleskunner in ons assortiment opgenomen, namelijk de OXYZEN Z.1. Hiermee realiseer je een basisschoonmaak waar je u tegen zegt. Dit product is zeer effectief te gebruiken voor het interieur, het sanitair en de vloeren. Daarnaast helpt het om kalvorming tegen te gaan, waardoor een antikalkbehandeling minder vaak nodig is.<\/p>\n<h2>Green Key Goud behalen? Optimaliseer je recreatieschoonmaak met ons!<\/h2>\n<p>Met een Green Key certificering op goud-niveau zet je jouw locatie op de kaart als duurzaam dagje uit. Hiervoor moet je echter wel je leisure schoonmaak optimaliseren. Green Key is het internationale keurmerk voor duurzame bedrijven in de recreatie- en vrijetijdsbranche en de zakelijke markt. Om een Green Key certificering te behalen, moet jouw locatie voldoen aan een aantal verplichte en optionele normen. Aan hoe meer normen jij kan voldoen, hoe hoger jouw certificering wordt met als einddoel natuurlijk een gouden certificering!<\/p>\n<p>Een onderdeel van deze puntentelling gaat over hoe duurzaam de reiniging van de locatie wordt uitgevoerd. Zo krijg je bijvoorbeeld extra punten als je producten gebruikt die niet belastend zijn voor het milieu, vaatwasproducten met een duurzaamheidskeurmerk hanteert en doseersystemen inzet.<\/p>\n<h2>Ook je recreatieschoonmaak optimaliseren en verduurzamen? Neem gelijk contact op!<\/h2>\n<p>Wil je erachter komen wat jij kan doen om jouw leisure schoonmaak verder te verduurzamen? We denken graag met je mee! Hier vind je in ieder geval alles voor de schoonmaak van de <a href=\"https:\/\/www.hygeniq.nl\/producten\/indoor\/#keuken\">keuken<\/a>, <a href=\"https:\/\/www.hygeniq.nl\/producten\/indoor\/#badkamer--toilet\">het toilet en de badkamer<\/a>, het <a href=\"https:\/\/www.hygeniq.nl\/producten\/outdoor\/\">exterieur<\/a> en nog veel meer. Neem voor een persoonlijk advies contact met ons op.<strong>\u00a0 <\/strong><\/p>\n<p><a href=\"https:\/\/www.hygeniq.nl\/contact\/\"><strong>Ja ik wil mijn recreatieschoonmaak optimaliseren!<\/strong><\/a><\/p>","protected":false},"excerpt":{"rendered":"<p>Duurzame recreatieschoonmaak voor jouw vakantiepark De dagelijkse recreatieschoonmaak kan een flinke uitdaging zijn voor vakantieparken met diverse typen vakantiehuisjes, bungalows, appartementen en talloze faciliteiten en services. De schoonmaak van deze accommodaties en faciliteiten op het park moet dagelijks effici\u00ebnt en grondig gebeuren. Het is immers enorm belangrijk dat je gasten kunnen profiteren van een gezond,<\/p>","protected":false},"author":1,"featured_media":0,"parent":5965,"menu_order":0,"comment_status":"closed","ping_status":"closed","template":"","meta":{"footnotes":""},"class_list":["post-8417","page","type-page","status-publish","hentry"],"yoast_head":"<!-- This site is optimized with the Yoast SEO plugin v27.1.1 - https:\/\/yoast.com\/product\/yoast-seo-wordpress\/ -->\n<title>Verduurzaam je recreatieschoonmaak | HYGENIQ<\/title>\n<meta name=\"description\" content=\"Optimaliseer de schoonmaak van je vakantieparken met onze non-chemische, eerlijke en eenvoudige schoonmaakmiddelen. Advies nodig? Bel gerust!\" \/>\n<meta name=\"robots\" content=\"index, follow, max-snippet:-1, max-image-preview:large, max-video-preview:-1\" \/>\n<link rel=\"canonical\" href=\"https:\/\/professional.hygeniq.com\/en\/onze-branches\/recreatieschoonmaak\/\" \/>\n<meta property=\"og:locale\" content=\"en_US\" \/>\n<meta property=\"og:type\" content=\"article\" \/>\n<meta property=\"og:title\" content=\"Verduurzaam je recreatieschoonmaak | HYGENIQ\" \/>\n<meta property=\"og:description\" content=\"Optimaliseer de schoonmaak van je vakantieparken met onze non-chemische, eerlijke en eenvoudige schoonmaakmiddelen. Advies nodig? Bel gerust!\" \/>\n<meta property=\"og:url\" content=\"https:\/\/professional.hygeniq.com\/en\/onze-branches\/recreatieschoonmaak\/\" \/>\n<meta property=\"og:site_name\" content=\"HYGENIQ \u2714 Professionele schoonmaak oplossingen\" \/>\n<meta property=\"article:publisher\" content=\"https:\/\/www.facebook.com\/HYGENIQ\/\" \/>\n<meta property=\"article:modified_time\" content=\"2023-11-20T13:44:17+00:00\" \/>\n<meta name=\"twitter:card\" content=\"summary_large_image\" \/>\n<meta name=\"twitter:label1\" content=\"Est. reading time\" \/>\n\t<meta name=\"twitter:data1\" content=\"4 minutes\" \/>\n<script type=\"application\/ld+json\" class=\"yoast-schema-graph\">{\"@context\":\"https:\/\/schema.org\",\"@graph\":[{\"@type\":\"WebPage\",\"@id\":\"https:\/\/professional.hygeniq.com\/onze-branches\/recreatieschoonmaak\/\",\"url\":\"https:\/\/professional.hygeniq.com\/onze-branches\/recreatieschoonmaak\/\",\"name\":\"Verduurzaam je recreatieschoonmaak | HYGENIQ\",\"isPartOf\":{\"@id\":\"https:\/\/professional.hygeniq.com\/#website\"},\"datePublished\":\"2023-11-20T13:38:27+00:00\",\"dateModified\":\"2023-11-20T13:44:17+00:00\",\"description\":\"Optimaliseer de schoonmaak van je vakantieparken met onze non-chemische, eerlijke en eenvoudige schoonmaakmiddelen. Advies nodig? Bel gerust!\",\"breadcrumb\":{\"@id\":\"https:\/\/professional.hygeniq.com\/onze-branches\/recreatieschoonmaak\/#breadcrumb\"},\"inLanguage\":\"en-US\",\"potentialAction\":[{\"@type\":\"ReadAction\",\"target\":[\"https:\/\/professional.hygeniq.com\/onze-branches\/recreatieschoonmaak\/\"]}]},{\"@type\":\"BreadcrumbList\",\"@id\":\"https:\/\/professional.hygeniq.com\/onze-branches\/recreatieschoonmaak\/#breadcrumb\",\"itemListElement\":[{\"@type\":\"ListItem\",\"position\":1,\"name\":\"Home\",\"item\":\"https:\/\/professional.hygeniq.com\/\"},{\"@type\":\"ListItem\",\"position\":2,\"name\":\"Onze branches\",\"item\":\"https:\/\/professional.hygeniq.com\/onze-branches\/\"},{\"@type\":\"ListItem\",\"position\":3,\"name\":\"Recreatieschoonmaak\"}]},{\"@type\":\"WebSite\",\"@id\":\"https:\/\/professional.hygeniq.com\/#website\",\"url\":\"https:\/\/professional.hygeniq.com\/\",\"name\":\"HYGENIQ \u2714 Professionele schoonmaak oplossingen\",\"description\":\"\",\"publisher\":{\"@id\":\"https:\/\/professional.hygeniq.com\/#organization\"},\"potentialAction\":[{\"@type\":\"SearchAction\",\"target\":{\"@type\":\"EntryPoint\",\"urlTemplate\":\"https:\/\/professional.hygeniq.com\/?s={search_term_string}\"},\"query-input\":{\"@type\":\"PropertyValueSpecification\",\"valueRequired\":true,\"valueName\":\"search_term_string\"}}],\"inLanguage\":\"en-US\"},{\"@type\":\"Organization\",\"@id\":\"https:\/\/professional.hygeniq.com\/#organization\",\"name\":\"HYGENIQ\",\"url\":\"https:\/\/professional.hygeniq.com\/\",\"logo\":{\"@type\":\"ImageObject\",\"inLanguage\":\"en-US\",\"@id\":\"https:\/\/professional.hygeniq.com\/#\/schema\/logo\/image\/\",\"url\":\"https:\/\/professional.hygeniq.com\/wp-content\/uploads\/2022\/06\/HYGENIQ-logo-op-wit_800x800px.png\",\"contentUrl\":\"https:\/\/professional.hygeniq.com\/wp-content\/uploads\/2022\/06\/HYGENIQ-logo-op-wit_800x800px.png\",\"width\":800,\"height\":800,\"caption\":\"HYGENIQ\"},\"image\":{\"@id\":\"https:\/\/professional.hygeniq.com\/#\/schema\/logo\/image\/\"},\"sameAs\":[\"https:\/\/www.facebook.com\/HYGENIQ\/\",\"https:\/\/www.linkedin.com\/company\/hygeniq\/\"]}]}<\/script>\n<!-- \/ Yoast SEO plugin. -->","yoast_head_json":{"title":"Verduurzaam je recreatieschoonmaak | HYGENIQ","description":"Optimaliseer de schoonmaak van je vakantieparken met onze non-chemische, eerlijke en eenvoudige schoonmaakmiddelen. Advies nodig? Bel gerust!","robots":{"index":"index","follow":"follow","max-snippet":"max-snippet:-1","max-image-preview":"max-image-preview:large","max-video-preview":"max-video-preview:-1"},"canonical":"https:\/\/professional.hygeniq.com\/en\/onze-branches\/recreatieschoonmaak\/","og_locale":"en_US","og_type":"article","og_title":"Verduurzaam je recreatieschoonmaak | HYGENIQ","og_description":"Optimaliseer de schoonmaak van je vakantieparken met onze non-chemische, eerlijke en eenvoudige schoonmaakmiddelen. Advies nodig? Bel gerust!","og_url":"https:\/\/professional.hygeniq.com\/en\/onze-branches\/recreatieschoonmaak\/","og_site_name":"HYGENIQ \u2714 Professionele schoonmaak oplossingen","article_publisher":"https:\/\/www.facebook.com\/HYGENIQ\/","article_modified_time":"2023-11-20T13:44:17+00:00","twitter_card":"summary_large_image","twitter_misc":{"Est. reading time":"4 minutes"},"schema":{"@context":"https:\/\/schema.org","@graph":[{"@type":"WebPage","@id":"https:\/\/professional.hygeniq.com\/onze-branches\/recreatieschoonmaak\/","url":"https:\/\/professional.hygeniq.com\/onze-branches\/recreatieschoonmaak\/","name":"Verduurzaam je recreatieschoonmaak | HYGENIQ","isPartOf":{"@id":"https:\/\/professional.hygeniq.com\/#website"},"datePublished":"2023-11-20T13:38:27+00:00","dateModified":"2023-11-20T13:44:17+00:00","description":"Optimaliseer de schoonmaak van je vakantieparken met onze non-chemische, eerlijke en eenvoudige schoonmaakmiddelen. Advies nodig? Bel gerust!","breadcrumb":{"@id":"https:\/\/professional.hygeniq.com\/onze-branches\/recreatieschoonmaak\/#breadcrumb"},"inLanguage":"en-US","potentialAction":[{"@type":"ReadAction","target":["https:\/\/professional.hygeniq.com\/onze-branches\/recreatieschoonmaak\/"]}]},{"@type":"BreadcrumbList","@id":"https:\/\/professional.hygeniq.com\/onze-branches\/recreatieschoonmaak\/#breadcrumb","itemListElement":[{"@type":"ListItem","position":1,"name":"Home","item":"https:\/\/professional.hygeniq.com\/"},{"@type":"ListItem","position":2,"name":"Onze branches","item":"https:\/\/professional.hygeniq.com\/onze-branches\/"},{"@type":"ListItem","position":3,"name":"Recreatieschoonmaak"}]},{"@type":"WebSite","@id":"https:\/\/professional.hygeniq.com\/#website","url":"https:\/\/professional.hygeniq.com\/","name":"HYGENIQ \u2714 Professionele schoonmaak oplossingen","description":"","publisher":{"@id":"https:\/\/professional.hygeniq.com\/#organization"},"potentialAction":[{"@type":"SearchAction","target":{"@type":"EntryPoint","urlTemplate":"https:\/\/professional.hygeniq.com\/?s={search_term_string}"},"query-input":{"@type":"PropertyValueSpecification","valueRequired":true,"valueName":"search_term_string"}}],"inLanguage":"en-US"},{"@type":"Organization","@id":"https:\/\/professional.hygeniq.com\/#organization","name":"HYGENIQ","url":"https:\/\/professional.hygeniq.com\/","logo":{"@type":"ImageObject","inLanguage":"en-US","@id":"https:\/\/professional.hygeniq.com\/#\/schema\/logo\/image\/","url":"https:\/\/professional.hygeniq.com\/wp-content\/uploads\/2022\/06\/HYGENIQ-logo-op-wit_800x800px.png","contentUrl":"https:\/\/professional.hygeniq.com\/wp-content\/uploads\/2022\/06\/HYGENIQ-logo-op-wit_800x800px.png","width":800,"height":800,"caption":"HYGENIQ"},"image":{"@id":"https:\/\/professional.hygeniq.com\/#\/schema\/logo\/image\/"},"sameAs":["https:\/\/www.facebook.com\/HYGENIQ\/","https:\/\/www.linkedin.com\/company\/hygeniq\/"]}]}},"_links":{"self":[{"href":"https:\/\/professional.hygeniq.com\/en\/wp-json\/wp\/v2\/pages\/8417","targetHints":{"allow":["GET"]}}],"collection":[{"href":"https:\/\/professional.hygeniq.com\/en\/wp-json\/wp\/v2\/pages"}],"about":[{"href":"https:\/\/professional.hygeniq.com\/en\/wp-json\/wp\/v2\/types\/page"}],"author":[{"embeddable":true,"href":"https:\/\/professional.hygeniq.com\/en\/wp-json\/wp\/v2\/users\/1"}],"replies":[{"embeddable":true,"href":"https:\/\/professional.hygeniq.com\/en\/wp-json\/wp\/v2\/comments?post=8417"}],"version-history":[{"count":1,"href":"https:\/\/professional.hygeniq.com\/en\/wp-json\/wp\/v2\/pages\/8417\/revisions"}],"predecessor-version":[{"id":8418,"href":"https:\/\/professional.hygeniq.com\/en\/wp-json\/wp\/v2\/pages\/8417\/revisions\/8418"}],"up":[{"embeddable":true,"href":"https:\/\/professional.hygeniq.com\/en\/wp-json\/wp\/v2\/pages\/5965"}],"wp:attachment":[{"href":"https:\/\/professional.hygeniq.com\/en\/wp-json\/wp\/v2\/media?parent=8417"}],"curies":[{"name":"wp","href":"https:\/\/api.w.org\/{rel}","templated":true}]}}